{"id":564,"date":"2024-06-18T14:54:55","date_gmt":"2024-06-18T14:54:55","guid":{"rendered":"https:\/\/fv-kita-hoeingen.de\/?page_id=564"},"modified":"2024-06-18T14:54:55","modified_gmt":"2024-06-18T14:54:55","slug":"mikroskop","status":"publish","type":"page","link":"https:\/\/fv-kita-hoeingen.de\/?page_id=564","title":{"rendered":"Mikroskop"},"content":{"rendered":"\n<p class=\"has-text-align-center\">W\u00e4hrend des Aufbaus eines Experimentierbereiches f\u00fcr die Kinder hat sich der F\u00f6rderverein mit der Anschaffung eines Mikroskops beteiligt.<\/p>\n\n\n<div class=\"wp-block-image\">\n<figure class=\"aligncenter size-full is-resized\"><img loading=\"lazy\" decoding=\"async\" width=\"1707\" height=\"2560\" src=\"https:\/\/fv-kita-hoeingen.de\/wp-content\/uploads\/2024\/06\/03_Experimentierbereich-Mikroskop-scaled.jpg\" alt=\"\" class=\"wp-image-565\" style=\"width:836px;height:auto\" srcset=\"https:\/\/fv-kita-hoeingen.de\/wp-content\/uploads\/2024\/06\/03_Experimentierbereich-Mikroskop-scaled.jpg 1707w, https:\/\/fv-kita-hoeingen.de\/wp-content\/uploads\/2024\/06\/03_Experimentierbereich-Mikroskop-200x300.jpg 200w, https:\/\/fv-kita-hoeingen.de\/wp-content\/uploads\/2024\/06\/03_Experimentierbereich-Mikroskop-683x1024.jpg 683w, https:\/\/fv-kita-hoeingen.de\/wp-content\/uploads\/2024\/06\/03_Experimentierbereich-Mikroskop-768x1152.jpg 768w, https:\/\/fv-kita-hoeingen.de\/wp-content\/uploads\/2024\/06\/03_Experimentierbereich-Mikroskop-1024x1536.jpg 1024w, https:\/\/fv-kita-hoeingen.de\/wp-content\/uploads\/2024\/06\/03_Experimentierbereich-Mikroskop-1365x2048.jpg 1365w\" sizes=\"auto, (max-width: 1707px) 100vw, 1707px\" \/><\/figure>\n<\/div>","protected":false},"excerpt":{"rendered":"<p>W\u00e4hrend des Aufbaus eines Experimentierbereiches f\u00fcr die Kinder hat sich der F\u00f6rderverein mit der Anschaffung eines Mikroskops beteiligt.<\/p>\n","protected":false},"author":1,"featured_media":0,"parent":0,"menu_order":0,"comment_status":"closed","ping_status":"closed","template":"","meta":{"footnotes":""},"class_list":["post-564","page","type-page","status-publish","hentry"],"_links":{"self":[{"href":"https:\/\/fv-kita-hoeingen.de\/index.php?rest_route=\/wp\/v2\/pages\/564","targetHints":{"allow":["GET"]}}],"collection":[{"href":"https:\/\/fv-kita-hoeingen.de\/index.php?rest_route=\/wp\/v2\/pages"}],"about":[{"href":"https:\/\/fv-kita-hoeingen.de\/index.php?rest_route=\/wp\/v2\/types\/page"}],"author":[{"embeddable":true,"href":"https:\/\/fv-kita-hoeingen.de\/index.php?rest_route=\/wp\/v2\/users\/1"}],"replies":[{"embeddable":true,"href":"https:\/\/fv-kita-hoeingen.de\/index.php?rest_route=%2Fwp%2Fv2%2Fcomments&post=564"}],"version-history":[{"count":1,"href":"https:\/\/fv-kita-hoeingen.de\/index.php?rest_route=\/wp\/v2\/pages\/564\/revisions"}],"predecessor-version":[{"id":566,"href":"https:\/\/fv-kita-hoeingen.de\/index.php?rest_route=\/wp\/v2\/pages\/564\/revisions\/566"}],"wp:attachment":[{"href":"https:\/\/fv-kita-hoeingen.de\/index.php?rest_route=%2Fwp%2Fv2%2Fmedia&parent=564"}],"curies":[{"name":"wp","href":"https:\/\/api.w.org\/{rel}","templated":true}]}}