{"id":54,"date":"2019-09-17T07:39:12","date_gmt":"2019-09-17T07:39:12","guid":{"rendered":"http:\/\/fv-kita-hoeingen.de\/?page_id=54"},"modified":"2024-06-18T09:30:04","modified_gmt":"2024-06-18T09:30:04","slug":"herzlich-willkommen","status":"publish","type":"page","link":"https:\/\/fv-kita-hoeingen.de\/","title":{"rendered":"Herzlich Willkommen"},"content":{"rendered":"\n<p class=\"has-text-align-center has-black-color has-white-background-color has-text-color has-background has-link-color wp-elements-bd99ddd3224ba318dea7eae4a44b8462\">Liebe Eltern, Liebe Gro\u00dfeltern, Liebe F\u00f6rderer des Kindergarten St. Josef<\/p>\n\n\n\n<p class=\"has-text-align-center has-black-color has-white-background-color has-text-color has-background has-link-color wp-elements-023fa575c20414e9a79314ff8b74eb0b\">Wie in jeder Kita gibt es auch bei uns st\u00e4ndig etwas zu verbessern oder zu reparieren und das Geld ist immer knapp. Um da weiterzuhelfen, wo die normalen Mittel nicht ausreichen, haben wir im Januar 2019 den F\u00f6rderverein gegr\u00fcndet.<br>Der Verein m\u00f6chte die Arbeit der Kindestagesst\u00e4tte gezielt unterst\u00fctzen und \u00fcber Mitgliedsbeitr\u00e4ge und Spenden Dinge erm\u00f6glichen, die im normalen Etat nicht enthalten sind.<br>Wir m\u00f6chten die personelle Unterst\u00fctzung durch externe Kr\u00e4fte, die Instandhaltung und Erweiterung der Au\u00dfenanlagen, des Geb\u00e4udes sowie der Einrichtung erm\u00f6glichen.<br>Wir w\u00fcrden uns sehr freuen, wenn auch Sie mithelfen w\u00fcrden, unsere Kita noch sch\u00f6ner zu machen.<\/p>\n","protected":false},"excerpt":{"rendered":"<p>Liebe Eltern, Liebe Gro\u00dfeltern, Liebe F\u00f6rderer des Kindergarten St. Josef Wie in jeder Kita gibt es auch bei uns st\u00e4ndig etwas zu verbessern oder zu [&hellip;]<\/p>\n","protected":false},"author":1,"featured_media":0,"parent":0,"menu_order":0,"comment_status":"closed","ping_status":"closed","template":"","meta":{"footnotes":""},"class_list":["post-54","page","type-page","status-publish","hentry"],"_links":{"self":[{"href":"https:\/\/fv-kita-hoeingen.de\/index.php?rest_route=\/wp\/v2\/pages\/54","targetHints":{"allow":["GET"]}}],"collection":[{"href":"https:\/\/fv-kita-hoeingen.de\/index.php?rest_route=\/wp\/v2\/pages"}],"about":[{"href":"https:\/\/fv-kita-hoeingen.de\/index.php?rest_route=\/wp\/v2\/types\/page"}],"author":[{"embeddable":true,"href":"https:\/\/fv-kita-hoeingen.de\/index.php?rest_route=\/wp\/v2\/users\/1"}],"replies":[{"embeddable":true,"href":"https:\/\/fv-kita-hoeingen.de\/index.php?rest_route=%2Fwp%2Fv2%2Fcomments&post=54"}],"version-history":[{"count":25,"href":"https:\/\/fv-kita-hoeingen.de\/index.php?rest_route=\/wp\/v2\/pages\/54\/revisions"}],"predecessor-version":[{"id":559,"href":"https:\/\/fv-kita-hoeingen.de\/index.php?rest_route=\/wp\/v2\/pages\/54\/revisions\/559"}],"wp:attachment":[{"href":"https:\/\/fv-kita-hoeingen.de\/index.php?rest_route=%2Fwp%2Fv2%2Fmedia&parent=54"}],"curies":[{"name":"wp","href":"https:\/\/api.w.org\/{rel}","templated":true}]}}