{"id":521,"date":"2024-06-05T15:10:03","date_gmt":"2024-06-05T15:10:03","guid":{"rendered":"https:\/\/fv-kita-hoeingen.de\/?page_id=521"},"modified":"2024-06-05T15:10:04","modified_gmt":"2024-06-05T15:10:04","slug":"fotoshooting-vorschulkinder","status":"publish","type":"page","link":"https:\/\/fv-kita-hoeingen.de\/?page_id=521","title":{"rendered":"Fotoshooting Vorschulkinder"},"content":{"rendered":"\n<p class=\"has-text-align-center\">Um zuk\u00fcnftige Fotoshootings der Kindergartenkinder gew\u00e4hrleisten zu k\u00f6nnen, fand am 14. Mai 2024 ein Probeshooting mit der Grafikdesignerin Janine Hoffmeister statt. Der Arbeitsaufwand wurde vom F\u00f6rderverein gesponsert und die Eltern zahlten lediglich einen Unkostenbeitrag von 5\u20ac f\u00fcr alle Aufnahmen ihres Kindes. Diese Aufnahmen wurden ihnen in passwortgesch\u00fctzten Ordnern online zum Download zur Verf\u00fcgung gestellt. Die Kinder hatten viel Spa\u00df bei dem ungestellten Shooting w\u00e4hrend der Spielzeit und es sind tolle Bilder entstanden.<\/p>\n\n\n\n<figure class=\"wp-block-image size-full\"><img loading=\"lazy\" decoding=\"async\" width=\"2560\" height=\"1707\" src=\"https:\/\/fv-kita-hoeingen.de\/wp-content\/uploads\/2024\/06\/DSC07597-2-scaled.jpg\" alt=\"\" class=\"wp-image-522\" srcset=\"https:\/\/fv-kita-hoeingen.de\/wp-content\/uploads\/2024\/06\/DSC07597-2-scaled.jpg 2560w, https:\/\/fv-kita-hoeingen.de\/wp-content\/uploads\/2024\/06\/DSC07597-2-300x200.jpg 300w, https:\/\/fv-kita-hoeingen.de\/wp-content\/uploads\/2024\/06\/DSC07597-2-1024x683.jpg 1024w, https:\/\/fv-kita-hoeingen.de\/wp-content\/uploads\/2024\/06\/DSC07597-2-768x512.jpg 768w, https:\/\/fv-kita-hoeingen.de\/wp-content\/uploads\/2024\/06\/DSC07597-2-1536x1024.jpg 1536w, https:\/\/fv-kita-hoeingen.de\/wp-content\/uploads\/2024\/06\/DSC07597-2-2048x1365.jpg 2048w, https:\/\/fv-kita-hoeingen.de\/wp-content\/uploads\/2024\/06\/DSC07597-2-1920x1280.jpg 1920w\" sizes=\"auto, (max-width: 2560px) 100vw, 2560px\" \/><\/figure>\n","protected":false},"excerpt":{"rendered":"<p>Um zuk\u00fcnftige Fotoshootings der Kindergartenkinder gew\u00e4hrleisten zu k\u00f6nnen, fand am 14. Mai 2024 ein Probeshooting mit der Grafikdesignerin Janine Hoffmeister statt. Der Arbeitsaufwand wurde vom [&hellip;]<\/p>\n","protected":false},"author":1,"featured_media":0,"parent":0,"menu_order":0,"comment_status":"closed","ping_status":"closed","template":"","meta":{"footnotes":""},"class_list":["post-521","page","type-page","status-publish","hentry"],"_links":{"self":[{"href":"https:\/\/fv-kita-hoeingen.de\/index.php?rest_route=\/wp\/v2\/pages\/521","targetHints":{"allow":["GET"]}}],"collection":[{"href":"https:\/\/fv-kita-hoeingen.de\/index.php?rest_route=\/wp\/v2\/pages"}],"about":[{"href":"https:\/\/fv-kita-hoeingen.de\/index.php?rest_route=\/wp\/v2\/types\/page"}],"author":[{"embeddable":true,"href":"https:\/\/fv-kita-hoeingen.de\/index.php?rest_route=\/wp\/v2\/users\/1"}],"replies":[{"embeddable":true,"href":"https:\/\/fv-kita-hoeingen.de\/index.php?rest_route=%2Fwp%2Fv2%2Fcomments&post=521"}],"version-history":[{"count":1,"href":"https:\/\/fv-kita-hoeingen.de\/index.php?rest_route=\/wp\/v2\/pages\/521\/revisions"}],"predecessor-version":[{"id":523,"href":"https:\/\/fv-kita-hoeingen.de\/index.php?rest_route=\/wp\/v2\/pages\/521\/revisions\/523"}],"wp:attachment":[{"href":"https:\/\/fv-kita-hoeingen.de\/index.php?rest_route=%2Fwp%2Fv2%2Fmedia&parent=521"}],"curies":[{"name":"wp","href":"https:\/\/api.w.org\/{rel}","templated":true}]}}