{"id":517,"date":"2024-06-05T15:01:17","date_gmt":"2024-06-05T15:01:17","guid":{"rendered":"https:\/\/fv-kita-hoeingen.de\/?page_id=517"},"modified":"2024-06-05T15:01:17","modified_gmt":"2024-06-05T15:01:17","slug":"ausflug-wildwald-vosswinkel","status":"publish","type":"page","link":"https:\/\/fv-kita-hoeingen.de\/?page_id=517","title":{"rendered":"Ausflug Wildwald Vosswinkel"},"content":{"rendered":"\n<p class=\"has-text-align-center\">Am 27. April 2024 lud der F\u00f6rderverein die Familien des Kindergartens in den Wildwald Vosswinkel ein. Der Eintritt wurde komplett vom F\u00f6rderverein \u00fcbernommen und gemeinsam mit den Eltern konnte ein tolles Grill-Buffet auf die Beine gestellt werden. Die Kinder wurden von den Erziehern auf eine m\u00e4rchenhafte Schatzsuche mitgenommen und alle hatten einen wundersch\u00f6nen Tag.<\/p>\n\n\n<div class=\"wp-block-image\">\n<figure class=\"aligncenter size-full\"><img loading=\"lazy\" decoding=\"async\" width=\"2464\" height=\"1848\" src=\"https:\/\/fv-kita-hoeingen.de\/wp-content\/uploads\/2024\/06\/20240427_102038.jpg\" alt=\"\" class=\"wp-image-518\" srcset=\"https:\/\/fv-kita-hoeingen.de\/wp-content\/uploads\/2024\/06\/20240427_102038.jpg 2464w, https:\/\/fv-kita-hoeingen.de\/wp-content\/uploads\/2024\/06\/20240427_102038-300x225.jpg 300w, https:\/\/fv-kita-hoeingen.de\/wp-content\/uploads\/2024\/06\/20240427_102038-1024x768.jpg 1024w, https:\/\/fv-kita-hoeingen.de\/wp-content\/uploads\/2024\/06\/20240427_102038-768x576.jpg 768w, https:\/\/fv-kita-hoeingen.de\/wp-content\/uploads\/2024\/06\/20240427_102038-1536x1152.jpg 1536w, https:\/\/fv-kita-hoeingen.de\/wp-content\/uploads\/2024\/06\/20240427_102038-2048x1536.jpg 2048w\" sizes=\"auto, (max-width: 2464px) 100vw, 2464px\" \/><\/figure>\n<\/div>","protected":false},"excerpt":{"rendered":"<p>Am 27. April 2024 lud der F\u00f6rderverein die Familien des Kindergartens in den Wildwald Vosswinkel ein. Der Eintritt wurde komplett vom F\u00f6rderverein \u00fcbernommen und gemeinsam [&hellip;]<\/p>\n","protected":false},"author":1,"featured_media":0,"parent":0,"menu_order":0,"comment_status":"closed","ping_status":"closed","template":"","meta":{"footnotes":""},"class_list":["post-517","page","type-page","status-publish","hentry"],"_links":{"self":[{"href":"https:\/\/fv-kita-hoeingen.de\/index.php?rest_route=\/wp\/v2\/pages\/517","targetHints":{"allow":["GET"]}}],"collection":[{"href":"https:\/\/fv-kita-hoeingen.de\/index.php?rest_route=\/wp\/v2\/pages"}],"about":[{"href":"https:\/\/fv-kita-hoeingen.de\/index.php?rest_route=\/wp\/v2\/types\/page"}],"author":[{"embeddable":true,"href":"https:\/\/fv-kita-hoeingen.de\/index.php?rest_route=\/wp\/v2\/users\/1"}],"replies":[{"embeddable":true,"href":"https:\/\/fv-kita-hoeingen.de\/index.php?rest_route=%2Fwp%2Fv2%2Fcomments&post=517"}],"version-history":[{"count":1,"href":"https:\/\/fv-kita-hoeingen.de\/index.php?rest_route=\/wp\/v2\/pages\/517\/revisions"}],"predecessor-version":[{"id":519,"href":"https:\/\/fv-kita-hoeingen.de\/index.php?rest_route=\/wp\/v2\/pages\/517\/revisions\/519"}],"wp:attachment":[{"href":"https:\/\/fv-kita-hoeingen.de\/index.php?rest_route=%2Fwp%2Fv2%2Fmedia&parent=517"}],"curies":[{"name":"wp","href":"https:\/\/api.w.org\/{rel}","templated":true}]}}