{"id":485,"date":"2024-04-26T11:17:54","date_gmt":"2024-04-26T11:17:54","guid":{"rendered":"https:\/\/fv-kita-hoeingen.de\/?page_id=485"},"modified":"2024-04-26T11:41:17","modified_gmt":"2024-04-26T11:41:17","slug":"datenschutzerklaerung","status":"publish","type":"page","link":"https:\/\/fv-kita-hoeingen.de\/?page_id=485","title":{"rendered":"Datenschutzerkl\u00e4rung"},"content":{"rendered":"\n<p class=\"has-white-background-color has-background\">DATENSCHUTZERKL\u00c4RUNG<\/p>\n\n\n\n<p class=\"has-white-background-color has-background\">\u00a71&nbsp;&nbsp; Mit dem Beitritt eines Mitglieds nimmt der Verein Daten zum Mitglied auf. Dabei handelt es sich unter anderem um folgende Angaben: Name, Adresse, Telefon-Nummer (Mobil\/Festnetz-nummer); Bankverbindung (IBAN, BIC, Kreditinstitut und Konto-Inhaber) und weitere der Mitgliederverwaltung dienende Daten (Geburtsdatum und E-Mail-Adresse) zum Vereinszweck.<\/p>\n\n\n\n<p class=\"has-white-background-color has-background\">\u00a72&nbsp;&nbsp; Mit dem Beitritt erkl\u00e4rt sich das Mitglied einverstanden, dass die im Zusammenhang mit der Mitgliedschaft ben\u00f6tigten personenbezogenen Daten unter Ber\u00fccksichtigung der Vorgaben des Bundesdatenschutzgesetzes BDSG und der EU-Datenschutz-Grundverordnung DS-GVO per EDV f\u00fcr den Verein erhoben, verarbeitet und genutzt werden. Ohne dieses Einverst\u00e4ndnis kann eine Mitgliedschaft nicht begr\u00fcndet werden.<\/p>\n\n\n\n<p class=\"has-white-background-color has-background\">$3&nbsp;&nbsp; Die \u00fcberlassenden personenbezogenen Daten d\u00fcrfen ausschlie\u00dflich f\u00fcr Vereinszwecke verwendet werden. Hierzu z\u00e4hlen insbesondere die Mitgliederverwaltung, die Durchf\u00fchrung des Versammlungs- und Vereinsbetriebes, die \u00fcblichen Ver\u00f6ffentlichungen von veranstaltungsrelevanten Daten in der Presse (Falls Mitglied als Redner \/ veranstaltungsverantwortliche Personen auftreten und entsprechend genannt werden m\u00fcssen). Eine Verarbeitung oder Nutzung (z.B. \u00dcbermittlung an Dritte) ist nicht zul\u00e4ssig.<\/p>\n\n\n\n<p class=\"has-white-background-color has-background\">\u00a74&nbsp;&nbsp; Alle personenbezogenen Daten werden unter Beachtung der Vorgaben der EU- Datenschutz-Grundverordnung (DS-GVO) und des Bundesdatenschutzgesetzes (BDSG) personenbezogene Daten \u00fcber pers\u00f6nliche und sachliche Verh\u00e4ltnisse der Mitglieder im Verein verarbeitet.<\/p>\n\n\n\n<p class=\"has-white-background-color has-background\">\u00a75\u00a0\u00a0 Soweit die in den jeweiligen Vorschriften beschriebenen Voraussetzungen vorliegen, hat jedes Vereinsmitglied insbesondere die folgenden Rechte: (a) das Recht auf Auskunft nach Artikel 15 DS-GVO, (b) das Recht auf Berichtigung nach Artikel 16 DS-GVO, (c) das Recht auf L\u00f6schung nach Artikel 17 DS-GVO, (d) das Recht auf Einschr\u00e4nkung der Verarbeitung nach Artikel 18 DS-GVO, (e) das Recht auf Daten\u00fcbertragbarkeit nach Artikel 20 DS-GVO, (f) das Widerspruchsrecht nach Artikel 21 DS-GVO.  Somit kann das Mitglied die erteilte Einwilligungserkl\u00e4rung mit Wirkung f\u00fcr die Zukunft ab\u00e4ndern oder g\u00e4nzlich widerrufen. Das Mitglied kann den Widerruf entweder postalisch, per E-Mail oder per Fax an den F\u00f6rderverein \u00fcbermitteln. Es entstehen ihm dabei keine anderen Kosten als die Portokosten bzw. die<br>\u00dcbermittlungskosten nach den bestehenden Basistarifen. Die Aus\u00fcbung des Widerspruchsrechts<br>kann dazu f\u00fchren, dass Leistungen nur noch eingeschr\u00e4nkt oder gar nicht mehr dem<br>entsprechenden Mitglied zur Verf\u00fcgung stehen.<br>Sollten Sie der Ansicht sein, dass die Verarbeitung gegen geltendes Datenschutzrecht verst\u00f6\u00dft,<br>sprechen Sie uns gern hierauf an.<\/p>\n\n\n\n<p class=\"has-white-background-color has-background\">\u00a76&nbsp;&nbsp; Den Organen des Vereins, allen Mitarbeitern oder sonst f\u00fcr den Verein T\u00e4tigen ist es untersagt, personenbezogene Daten unbefugten zu anderen als dem jeweiligen Aufgabenerf\u00fcllung geh\u00f6renden Zweck zu verarbeiten, bekannt zu geben, Dritten zug\u00e4nglich zu machen oder sonst zu nutzen. Diese Pflicht besteht auch \u00fcber das Ausscheiden der oben genannten Personen aus dem Verein hinaus.<\/p>\n","protected":false},"excerpt":{"rendered":"<p>DATENSCHUTZERKL\u00c4RUNG \u00a71&nbsp;&nbsp; Mit dem Beitritt eines Mitglieds nimmt der Verein Daten zum Mitglied auf. Dabei handelt es sich unter anderem um folgende Angaben: Name, Adresse, [&hellip;]<\/p>\n","protected":false},"author":1,"featured_media":0,"parent":0,"menu_order":0,"comment_status":"closed","ping_status":"closed","template":"","meta":{"footnotes":""},"class_list":["post-485","page","type-page","status-publish","hentry"],"_links":{"self":[{"href":"https:\/\/fv-kita-hoeingen.de\/index.php?rest_route=\/wp\/v2\/pages\/485","targetHints":{"allow":["GET"]}}],"collection":[{"href":"https:\/\/fv-kita-hoeingen.de\/index.php?rest_route=\/wp\/v2\/pages"}],"about":[{"href":"https:\/\/fv-kita-hoeingen.de\/index.php?rest_route=\/wp\/v2\/types\/page"}],"author":[{"embeddable":true,"href":"https:\/\/fv-kita-hoeingen.de\/index.php?rest_route=\/wp\/v2\/users\/1"}],"replies":[{"embeddable":true,"href":"https:\/\/fv-kita-hoeingen.de\/index.php?rest_route=%2Fwp%2Fv2%2Fcomments&post=485"}],"version-history":[{"count":3,"href":"https:\/\/fv-kita-hoeingen.de\/index.php?rest_route=\/wp\/v2\/pages\/485\/revisions"}],"predecessor-version":[{"id":490,"href":"https:\/\/fv-kita-hoeingen.de\/index.php?rest_route=\/wp\/v2\/pages\/485\/revisions\/490"}],"wp:attachment":[{"href":"https:\/\/fv-kita-hoeingen.de\/index.php?rest_route=%2Fwp%2Fv2%2Fmedia&parent=485"}],"curies":[{"name":"wp","href":"https:\/\/api.w.org\/{rel}","templated":true}]}}