{"id":479,"date":"2024-04-23T17:03:29","date_gmt":"2024-04-23T17:03:29","guid":{"rendered":"https:\/\/fv-kita-hoeingen.de\/?page_id=479"},"modified":"2024-06-18T09:30:35","modified_gmt":"2024-06-18T09:30:35","slug":"kontakt","status":"publish","type":"page","link":"https:\/\/fv-kita-hoeingen.de\/?page_id=479","title":{"rendered":"Kontakt"},"content":{"rendered":"\n<p class=\"has-text-align-center has-white-background-color has-background\">F\u00f6rderverein KiTa St. Josef H\u00f6ingen e.V.<br>Burgstr. 21<br>59469 Ense H\u00f6ingen<\/p>\n\n\n\n<p class=\"has-text-align-center has-white-background-color has-background\">E-Mail: info[at]fv-kita-hoeingen.de<\/p>\n\n\n\n<p><\/p>\n","protected":false},"excerpt":{"rendered":"<p>F\u00f6rderverein KiTa St. Josef H\u00f6ingen e.V.Burgstr. 2159469 Ense H\u00f6ingen E-Mail: info[at]fv-kita-hoeingen.de<\/p>\n","protected":false},"author":1,"featured_media":0,"parent":0,"menu_order":0,"comment_status":"closed","ping_status":"closed","template":"","meta":{"footnotes":""},"class_list":["post-479","page","type-page","status-publish","hentry"],"_links":{"self":[{"href":"https:\/\/fv-kita-hoeingen.de\/index.php?rest_route=\/wp\/v2\/pages\/479","targetHints":{"allow":["GET"]}}],"collection":[{"href":"https:\/\/fv-kita-hoeingen.de\/index.php?rest_route=\/wp\/v2\/pages"}],"about":[{"href":"https:\/\/fv-kita-hoeingen.de\/index.php?rest_route=\/wp\/v2\/types\/page"}],"author":[{"embeddable":true,"href":"https:\/\/fv-kita-hoeingen.de\/index.php?rest_route=\/wp\/v2\/users\/1"}],"replies":[{"embeddable":true,"href":"https:\/\/fv-kita-hoeingen.de\/index.php?rest_route=%2Fwp%2Fv2%2Fcomments&post=479"}],"version-history":[{"count":2,"href":"https:\/\/fv-kita-hoeingen.de\/index.php?rest_route=\/wp\/v2\/pages\/479\/revisions"}],"predecessor-version":[{"id":560,"href":"https:\/\/fv-kita-hoeingen.de\/index.php?rest_route=\/wp\/v2\/pages\/479\/revisions\/560"}],"wp:attachment":[{"href":"https:\/\/fv-kita-hoeingen.de\/index.php?rest_route=%2Fwp%2Fv2%2Fmedia&parent=479"}],"curies":[{"name":"wp","href":"https:\/\/api.w.org\/{rel}","templated":true}]}}