{"id":473,"date":"2024-04-23T17:01:41","date_gmt":"2024-04-23T17:01:41","guid":{"rendered":"https:\/\/fv-kita-hoeingen.de\/?page_id=473"},"modified":"2024-06-18T15:00:04","modified_gmt":"2024-06-18T15:00:04","slug":"projekte","status":"publish","type":"page","link":"https:\/\/fv-kita-hoeingen.de\/?page_id=473","title":{"rendered":"Projekte"},"content":{"rendered":"\n<p class=\"has-text-align-center has-white-background-color has-background\">Unsere schon unterst\u00fctzen Projekte\/Anschaffungen:<\/p>\n\n\n\n<ul class=\"wp-block-list\">\n<li>Sponsoring eines Fotoshootings f\u00fcr die Vorsch\u00fcler 2024<\/li>\n\n\n\n<li>Ausflug in den Wildwald Vosswinkel mit m\u00e4rchenhafter Schatzsuche und gemeinsamen Grillen<\/li>\n\n\n\n<li>Anschaffung einer Holz-Arche<\/li>\n\n\n\n<li>Trommelworkshop<\/li>\n\n\n\n<li>Brezel f\u00fcr die St. Martinsfeier<\/li>\n\n\n\n<li>Stutenkerle f\u00fcr den Besuch vom Nikolaus<\/li>\n\n\n\n<li>Die Blumenbeete wurden in Eigenregie von einigen Eltern in kindgerechte Hochbeete umgestaltet. Der F\u00f6rderverein stellte Baumaterialspenden zur Verf\u00fcgung.<\/li>\n\n\n\n<li>Anschaffung eines Mikroskops f\u00fcr den Experimentierbereich der Kinder<\/li>\n\n\n\n<li>Anschaffung einer Blubbers\u00e4ule f\u00fcr den Snoezelraum<\/li>\n<\/ul>\n\n\n\n<p class=\"has-text-align-center has-white-background-color has-background\">F\u00fcr die Zukunft haben wir einige Projekte die wir gerne unterst\u00fctzen m\u00f6chten:<\/p>\n\n\n\n<ul class=\"wp-block-list\">\n<li>Neugestaltung Bewegungsraum<\/li>\n<\/ul>\n","protected":false},"excerpt":{"rendered":"<p>Unsere schon unterst\u00fctzen Projekte\/Anschaffungen: F\u00fcr die Zukunft haben wir einige Projekte die wir gerne unterst\u00fctzen m\u00f6chten:<\/p>\n","protected":false},"author":1,"featured_media":0,"parent":0,"menu_order":0,"comment_status":"closed","ping_status":"closed","template":"","meta":{"footnotes":""},"class_list":["post-473","page","type-page","status-publish","hentry"],"_links":{"self":[{"href":"https:\/\/fv-kita-hoeingen.de\/index.php?rest_route=\/wp\/v2\/pages\/473","targetHints":{"allow":["GET"]}}],"collection":[{"href":"https:\/\/fv-kita-hoeingen.de\/index.php?rest_route=\/wp\/v2\/pages"}],"about":[{"href":"https:\/\/fv-kita-hoeingen.de\/index.php?rest_route=\/wp\/v2\/types\/page"}],"author":[{"embeddable":true,"href":"https:\/\/fv-kita-hoeingen.de\/index.php?rest_route=\/wp\/v2\/users\/1"}],"replies":[{"embeddable":true,"href":"https:\/\/fv-kita-hoeingen.de\/index.php?rest_route=%2Fwp%2Fv2%2Fcomments&post=473"}],"version-history":[{"count":7,"href":"https:\/\/fv-kita-hoeingen.de\/index.php?rest_route=\/wp\/v2\/pages\/473\/revisions"}],"predecessor-version":[{"id":572,"href":"https:\/\/fv-kita-hoeingen.de\/index.php?rest_route=\/wp\/v2\/pages\/473\/revisions\/572"}],"wp:attachment":[{"href":"https:\/\/fv-kita-hoeingen.de\/index.php?rest_route=%2Fwp%2Fv2%2Fmedia&parent=473"}],"curies":[{"name":"wp","href":"https:\/\/api.w.org\/{rel}","templated":true}]}}