{"id":470,"date":"2024-04-23T16:59:27","date_gmt":"2024-04-23T16:59:27","guid":{"rendered":"https:\/\/fv-kita-hoeingen.de\/?page_id=470"},"modified":"2024-06-18T09:31:50","modified_gmt":"2024-06-18T09:31:50","slug":"spenden","status":"publish","type":"page","link":"https:\/\/fv-kita-hoeingen.de\/?page_id=470","title":{"rendered":"Spenden"},"content":{"rendered":"\n<p class=\"has-text-align-center has-white-background-color has-background\">Sie m\u00f6chten uns unterst\u00fctzen? Prima!<\/p>\n\n\n\n<p class=\"has-text-align-center has-white-background-color has-background\">Sie k\u00f6nnen sich als F\u00f6rdervereinsmitglied aktiv mit Ihren Ideen und F\u00e4higkeiten einbringen oder die Arbeit des F\u00f6rdervereins auch einfach nur durch Ihren Mitgliedsbeitrag oder eine Spende unterst\u00fctzen.<\/p>\n\n\n\n<p class=\"has-text-align-center has-white-background-color has-background\"><strong>Spenden bitte auf folgendes Konto:<\/strong><br>IBAN: DE25 4146 0116 3243 8517 00<br>BIC: GENODEM1SOE<br>Volksbank Hellweg eG<\/p>\n\n\n\n<p class=\"has-text-align-center has-white-background-color has-background\">Nat\u00fcrlich k\u00f6nne Sie Ihre Spende und den Mitgliedsbeitrag auch steuerlich in Ihrer Einkommensteuererkl\u00e4rung geltend machen.<br>F\u00fcr Spenden bis 200 Euro ben\u00f6tigen Sie keine Spendenbescheinigung. Es reicht eine Buchungsbest\u00e4tigung der \u00dcberweisung oder der Kontoauszug.<\/p>\n","protected":false},"excerpt":{"rendered":"<p>Sie m\u00f6chten uns unterst\u00fctzen? Prima! Sie k\u00f6nnen sich als F\u00f6rdervereinsmitglied aktiv mit Ihren Ideen und F\u00e4higkeiten einbringen oder die Arbeit des F\u00f6rdervereins auch einfach nur [&hellip;]<\/p>\n","protected":false},"author":1,"featured_media":0,"parent":0,"menu_order":0,"comment_status":"closed","ping_status":"closed","template":"","meta":{"footnotes":""},"class_list":["post-470","page","type-page","status-publish","hentry"],"_links":{"self":[{"href":"https:\/\/fv-kita-hoeingen.de\/index.php?rest_route=\/wp\/v2\/pages\/470","targetHints":{"allow":["GET"]}}],"collection":[{"href":"https:\/\/fv-kita-hoeingen.de\/index.php?rest_route=\/wp\/v2\/pages"}],"about":[{"href":"https:\/\/fv-kita-hoeingen.de\/index.php?rest_route=\/wp\/v2\/types\/page"}],"author":[{"embeddable":true,"href":"https:\/\/fv-kita-hoeingen.de\/index.php?rest_route=\/wp\/v2\/users\/1"}],"replies":[{"embeddable":true,"href":"https:\/\/fv-kita-hoeingen.de\/index.php?rest_route=%2Fwp%2Fv2%2Fcomments&post=470"}],"version-history":[{"count":2,"href":"https:\/\/fv-kita-hoeingen.de\/index.php?rest_route=\/wp\/v2\/pages\/470\/revisions"}],"predecessor-version":[{"id":563,"href":"https:\/\/fv-kita-hoeingen.de\/index.php?rest_route=\/wp\/v2\/pages\/470\/revisions\/563"}],"wp:attachment":[{"href":"https:\/\/fv-kita-hoeingen.de\/index.php?rest_route=%2Fwp%2Fv2%2Fmedia&parent=470"}],"curies":[{"name":"wp","href":"https:\/\/api.w.org\/{rel}","templated":true}]}}